{"id":191,"date":"2025-07-12T14:57:50","date_gmt":"2025-07-12T12:57:50","guid":{"rendered":"https:\/\/chambresducouvent.fr\/?page_id=191"},"modified":"2025-10-21T15:34:33","modified_gmt":"2025-10-21T13:34:33","slug":"reglement-interieur","status":"publish","type":"page","link":"https:\/\/chambresducouvent.fr\/index.php\/reglement-interieur\/","title":{"rendered":"R\u00e8glement int\u00e9rieur"},"content":{"rendered":"\n<h3 class=\"wp-block-heading\"><strong>R\u00e8glement int\u00e9rieur des Chambres du Couvent de Giroussens<\/strong><\/h3>\n\n\n\n<p>Afin de garantir la s\u00e9r\u00e9nit\u00e9 des lieux et le bon d\u00e9roulement de votre s\u00e9jour, merci de bien vouloir prendre connaissance des r\u00e8gles suivantes :<\/p>\n\n\n\n<ol start=\"1\" class=\"wp-block-list\">\n<li><strong>Justificatif d\u2019identit\u00e9<\/strong><br>Conform\u00e9ment \u00e0 la l\u00e9gislation applicable aux \u00e9tablissements recevant du public, une\u00a0<strong>copie de la carte d\u2019identit\u00e9 de chacun des occupants de la chambre<\/strong>\u00a0pourra \u00eatre demand\u00e9e \u00e0 l\u2019arriv\u00e9e. <br>Ces informations permettent de tenir le\u00a0<strong>registre obligatoire de l\u2019\u00e9tablissement<\/strong>.<br><\/li>\n\n\n\n<li><strong>Acc\u00e8s \u00e0 la maison<\/strong><br>Seules les personnes enregistr\u00e9es lors de la r\u00e9servation (maximum deux personnes par chambre) sont autoris\u00e9es \u00e0 entrer dans la maison. Les visiteurs ext\u00e9rieurs ne sont pas admis.<br><\/li>\n\n\n\n<li><strong>Espace non-fumeur<\/strong><br>L\u2019\u00e9tablissement est enti\u00e8rement non-fumeur, aussi bien dans les chambres que dans les espaces ext\u00e9rieurs, y compris le patio.<br><\/li>\n\n\n\n<li><strong>Horaires de d\u00e9part<\/strong><br>Les chambres doivent \u00eatre lib\u00e9r\u00e9es\u00a0<strong>au plus tard \u00e0 11h<\/strong>\u00a0le jour du d\u00e9part.<br><\/li>\n\n\n\n<li><strong>Calme et respect des lieux<\/strong><br>Le s\u00e9jour se fait dans une ambiance paisible. Une attention particuli\u00e8re est demand\u00e9e en soir\u00e9e et la nuit, notamment lors des passages dans le patio.<br><\/li>\n\n\n\n<li><strong>Animaux<\/strong><br>Les animaux ne sont pas admis.<br><\/li>\n\n\n\n<li><strong>Prestataires ext\u00e9rieurs<\/strong><br>Par souci de tranquillit\u00e9 et d\u2019intimit\u00e9, les\u00a0<strong>prestataires li\u00e9s \u00e0 des \u00e9v\u00e9nements festifs ou familiaux<\/strong>\u00a0(coiffeurs, maquilleurs, photographes, etc.) ne sont pas autoris\u00e9s \u00e0 intervenir dans l\u2019\u00e9tablissement.<br><\/li>\n\n\n\n<li><strong>Repas et collations<\/strong><br>Par respect pour les lieux, merci de ne pas manger dans les chambres. Un\u00a0<strong>petit salon est \u00e0 votre disposition<\/strong>\u00a0pour vos repas ou pauses gourmandes.<br><\/li>\n\n\n\n<li><strong>Donn\u00e9es personnelles<\/strong><br>J\u2019autorise la\u00a0<strong>conservation temporaire de mes donn\u00e9es personnelles<\/strong>\u00a0(t\u00e9l\u00e9phone, e-mail\u2026) exclusivement dans le cadre de la gestion de ma r\u00e9servation. Ces donn\u00e9es ne seront en aucun cas transmises \u00e0 des tiers.<br><\/li>\n\n\n\n<li><strong>Acceptation du r\u00e8glement<\/strong><br>En appuyant sur \u201cOK\u201d, je reconnais avoir lu ce r\u00e8glement int\u00e9rieur et en\u00a0<strong>accepter l\u2019ensemble des conditions sans r\u00e9serve<\/strong>.<br><\/li>\n\n\n\n<li><strong>Vid\u00e9osurveillance<\/strong><br>Pour la s\u00e9curit\u00e9 des lieux et de ses occupants, l\u2019\u00e9tablissement est \u00e9quip\u00e9 de\u00a0<strong>cam\u00e9ras de surveillance<\/strong>\u00a0dans les parties communes int\u00e9rieures ainsi que sur le parking ext\u00e9rieur.<br><\/li>\n<\/ol>\n","protected":false},"excerpt":{"rendered":"<p>R\u00e8glement int\u00e9rieur des Chambres du Couvent de Giroussens Afin de garantir la s\u00e9r\u00e9nit\u00e9 des lieux et le bon d\u00e9roulement de votre s\u00e9jour, merci de bien vouloir prendre connaissance des r\u00e8gles suivantes :<\/p>\n","protected":false},"author":1,"featured_media":0,"parent":0,"menu_order":0,"comment_status":"closed","ping_status":"closed","template":"","meta":{"footnotes":""},"class_list":["post-191","page","type-page","status-publish","hentry"],"_links":{"self":[{"href":"https:\/\/chambresducouvent.fr\/index.php\/wp-json\/wp\/v2\/pages\/191","targetHints":{"allow":["GET"]}}],"collection":[{"href":"https:\/\/chambresducouvent.fr\/index.php\/wp-json\/wp\/v2\/pages"}],"about":[{"href":"https:\/\/chambresducouvent.fr\/index.php\/wp-json\/wp\/v2\/types\/page"}],"author":[{"embeddable":true,"href":"https:\/\/chambresducouvent.fr\/index.php\/wp-json\/wp\/v2\/users\/1"}],"replies":[{"embeddable":true,"href":"https:\/\/chambresducouvent.fr\/index.php\/wp-json\/wp\/v2\/comments?post=191"}],"version-history":[{"count":2,"href":"https:\/\/chambresducouvent.fr\/index.php\/wp-json\/wp\/v2\/pages\/191\/revisions"}],"predecessor-version":[{"id":268,"href":"https:\/\/chambresducouvent.fr\/index.php\/wp-json\/wp\/v2\/pages\/191\/revisions\/268"}],"wp:attachment":[{"href":"https:\/\/chambresducouvent.fr\/index.php\/wp-json\/wp\/v2\/media?parent=191"}],"curies":[{"name":"wp","href":"https:\/\/api.w.org\/{rel}","templated":true}]}}