{"id":57,"date":"2022-12-09T15:00:22","date_gmt":"2022-12-09T14:00:22","guid":{"rendered":"http:\/\/chambresducouvent.fr\/?page_id=57"},"modified":"2025-10-23T08:49:44","modified_gmt":"2025-10-23T06:49:44","slug":"reservation","status":"publish","type":"page","link":"https:\/\/chambresducouvent.fr\/index.php\/reservation\/","title":{"rendered":"Prix \/ R\u00e9servation"},"content":{"rendered":"\n<p>Prix de base ( <strong>hors<\/strong> promotion, coupons, plateformes de r\u00e9servation ) <br>95 \u20ac \/ nuit ( Petit d\u00e9jeuner pour 1 personne inclu )<br>Taxe s\u00e9jour 1 \u20ac \/ jour<\/p>\n\n\n\n<p><span style=\"text-decoration: underline;\">Petit d\u00e9jeuner suppl\u00e9mentaire<\/span> 5 \u20ac \/ personne \/ jour (offert \u00e0 certaines p\u00e9riodes )<br>Croissants, pain aux graines, beurre, confiture, jus d&rsquo;oranges, caf\u00e9\/th\u00e9\/chocolat, (lait sur demande).<br>Pour adapter votre petit d\u00e9jeuner, les croissants peuvent \u00eatre remplac\u00e9s par des oeufs dur ou un yaourt sur demande lors de la r\u00e9servation.<br><br>Facture sur demande.<\/p>\n\n\n\n<p><strong>Pour adapter votre s\u00e9jour \u00e0 vos besoins ou pour r\u00e9server directement<\/strong>, <br>n&rsquo;h\u00e9sitez pas \u00e0 me contacter : 0670833845<\/p>\n\n\n\n<p>Ou commencez votre r\u00e9servation en ligne ci dessous.<br>L&rsquo;acompte de 20 % demand\u00e9 dans la proc\u00e9dure de r\u00e9servation est non remboursable, ce sont des arrhes.<br><\/p>\n\n\n\n<p>Disponibilit\u00e9s de l&rsquo;ensemble des chambres : ( pour voir les disponibilit\u00e9s d&rsquo;une chambre en particulier consultez <a href=\"https:\/\/chambresducouvent.fr\/index.php\/hb_accommodation\/chambre-vue-chateau\/\">la chambre au ch\u00e2teau<\/a> ou<a href=\"https:\/\/chambresducouvent.fr\/index.php\/hb_accommodation\/chambre-aux-paons\/\"> la chambre aux paons<\/a><\/p>\n\n\n\n\n\n\n\n<p><\/p>\n","protected":false},"excerpt":{"rendered":"<p>Prix de base ( hors promotion, coupons, plateformes de r\u00e9servation ) 95 \u20ac \/ nuit ( Petit d\u00e9jeuner pour 1 personne inclu )Taxe s\u00e9jour 1 \u20ac \/ jour Petit d\u00e9jeuner suppl\u00e9mentaire 5 \u20ac \/ personne \/ jour (offert \u00e0 certaines p\u00e9riodes )Croissants, pain aux graines, beurre, confiture, jus d&rsquo;oranges, caf\u00e9\/th\u00e9\/chocolat, (lait sur demande).Pour adapter votre petit d\u00e9jeuner, les croissants peuvent \u00eatre remplac\u00e9s par des oeufs dur ou un yaourt sur demande lors de la r\u00e9servation. Facture sur demande. Pour adapter votre s\u00e9jour \u00e0 vos besoins ou pour r\u00e9server directement, n&rsquo;h\u00e9sitez pas \u00e0 me contacter : 0670833845 Ou commencez votre r\u00e9servation en ligne ci dessous.L&rsquo;acompte de 20 % demand\u00e9 dans la proc\u00e9dure de r\u00e9servation est non remboursable, ce sont des arrhes. Disponibilit\u00e9s de l&rsquo;ensemble des chambres : ( pour voir les disponibilit\u00e9s d&rsquo;une chambre en particulier consultez la chambre au ch\u00e2teau ou la chambre aux paons<\/p>\n","protected":false},"author":1,"featured_media":0,"parent":0,"menu_order":0,"comment_status":"closed","ping_status":"closed","template":"","meta":{"footnotes":""},"class_list":["post-57","page","type-page","status-publish","hentry"],"_links":{"self":[{"href":"https:\/\/chambresducouvent.fr\/index.php\/wp-json\/wp\/v2\/pages\/57","targetHints":{"allow":["GET"]}}],"collection":[{"href":"https:\/\/chambresducouvent.fr\/index.php\/wp-json\/wp\/v2\/pages"}],"about":[{"href":"https:\/\/chambresducouvent.fr\/index.php\/wp-json\/wp\/v2\/types\/page"}],"author":[{"embeddable":true,"href":"https:\/\/chambresducouvent.fr\/index.php\/wp-json\/wp\/v2\/users\/1"}],"replies":[{"embeddable":true,"href":"https:\/\/chambresducouvent.fr\/index.php\/wp-json\/wp\/v2\/comments?post=57"}],"version-history":[{"count":12,"href":"https:\/\/chambresducouvent.fr\/index.php\/wp-json\/wp\/v2\/pages\/57\/revisions"}],"predecessor-version":[{"id":277,"href":"https:\/\/chambresducouvent.fr\/index.php\/wp-json\/wp\/v2\/pages\/57\/revisions\/277"}],"wp:attachment":[{"href":"https:\/\/chambresducouvent.fr\/index.php\/wp-json\/wp\/v2\/media?parent=57"}],"curies":[{"name":"wp","href":"https:\/\/api.w.org\/{rel}","templated":true}]}}