{"id":85,"date":"2022-12-10T11:33:43","date_gmt":"2022-12-10T10:33:43","guid":{"rendered":"http:\/\/chambresducouvent.fr\/?page_id=85"},"modified":"2022-12-10T11:33:43","modified_gmt":"2022-12-10T10:33:43","slug":"bienvenue-dans-les-chambres-du-couvent","status":"publish","type":"page","link":"https:\/\/chambresducouvent.fr\/","title":{"rendered":"Bienvenue dans les Chambres du Couvent"},"content":{"rendered":"\n<figure class=\"wp-block-image size-large\"><img loading=\"lazy\" decoding=\"async\" width=\"1024\" height=\"683\" src=\"https:\/\/chambresducouvent.fr\/wp-content\/uploads\/2022\/12\/seb-66-1024x683.jpg\" alt=\"\" class=\"wp-image-67\" srcset=\"https:\/\/chambresducouvent.fr\/wp-content\/uploads\/2022\/12\/seb-66-1024x683.jpg 1024w, https:\/\/chambresducouvent.fr\/wp-content\/uploads\/2022\/12\/seb-66-300x200.jpg 300w, https:\/\/chambresducouvent.fr\/wp-content\/uploads\/2022\/12\/seb-66-768x512.jpg 768w, https:\/\/chambresducouvent.fr\/wp-content\/uploads\/2022\/12\/seb-66-1536x1024.jpg 1536w, https:\/\/chambresducouvent.fr\/wp-content\/uploads\/2022\/12\/seb-66-2048x1365.jpg 2048w, https:\/\/chambresducouvent.fr\/wp-content\/uploads\/2022\/12\/seb-66-1140x760.jpg 1140w\" sizes=\"auto, (max-width: 1024px) 100vw, 1024px\" \/><\/figure>\n\n\n\n<p class=\"has-text-align-center\">L\u2019ancien petit Couvent de Giroussens<\/p>\n\n\n<div class=\"wp-block-image\">\n<figure class=\"aligncenter size-large is-resized\"><img loading=\"lazy\" decoding=\"async\" src=\"https:\/\/chambresducouvent.fr\/wp-content\/uploads\/2022\/12\/IMG_7425-768x1024.jpg\" alt=\"\" class=\"wp-image-68\" width=\"244\" height=\"325\" srcset=\"https:\/\/chambresducouvent.fr\/wp-content\/uploads\/2022\/12\/IMG_7425-768x1024.jpg 768w, https:\/\/chambresducouvent.fr\/wp-content\/uploads\/2022\/12\/IMG_7425-225x300.jpg 225w, https:\/\/chambresducouvent.fr\/wp-content\/uploads\/2022\/12\/IMG_7425-1152x1536.jpg 1152w, https:\/\/chambresducouvent.fr\/wp-content\/uploads\/2022\/12\/IMG_7425-1140x1520.jpg 1140w, https:\/\/chambresducouvent.fr\/wp-content\/uploads\/2022\/12\/IMG_7425.jpg 1536w\" sizes=\"auto, (max-width: 244px) 100vw, 244px\" \/><\/figure>\n<\/div>\n\n\n<p>Dans un petit couvent du XIX\u00e8me si\u00e8cle o\u00f9 j\u2019ai install\u00e9 mon activit\u00e9 de poterie, je vous invite \u00e0 une jolie parenth\u00e8se dans mon charmant village du Tarn, id\u00e9alement situ\u00e9 entre Toulouse et Albi, r\u00e9gion riche de nombreux sites patrimoniaux, culturels, naturels et historiques. <\/p>\n\n\n\n<p>Vous pourrez si vous le souhaitez d\u00e9couvrir mon travail ou tout simplement vous promener en toute qui\u00e9tude dans le village. A quelques pas du Couvent, vous contemplerez depuis le belv\u00e9d\u00e8re une vue \u00e0 couper le souffle et pourrez vous restaurer sur place dans un bon petit restaurant. Dans le village ne manquez pas la visite du Centre (r\u00e9put\u00e9) de la C\u00e9ramique ainsi que celle, incontournable, des Jardins des Martels qui se trouvent \u00e0 proximit\u00e9.<\/p>\n\n\n\n<figure class=\"wp-block-image size-large\"><img loading=\"lazy\" decoding=\"async\" width=\"1024\" height=\"768\" src=\"https:\/\/chambresducouvent.fr\/wp-content\/uploads\/2022\/12\/IMG_4208-1024x768.jpeg\" alt=\"\" class=\"wp-image-28\" srcset=\"https:\/\/chambresducouvent.fr\/wp-content\/uploads\/2022\/12\/IMG_4208-1024x768.jpeg 1024w, https:\/\/chambresducouvent.fr\/wp-content\/uploads\/2022\/12\/IMG_4208-300x225.jpeg 300w, https:\/\/chambresducouvent.fr\/wp-content\/uploads\/2022\/12\/IMG_4208-768x576.jpeg 768w, https:\/\/chambresducouvent.fr\/wp-content\/uploads\/2022\/12\/IMG_4208-1536x1152.jpeg 1536w, https:\/\/chambresducouvent.fr\/wp-content\/uploads\/2022\/12\/IMG_4208-2048x1536.jpeg 2048w, https:\/\/chambresducouvent.fr\/wp-content\/uploads\/2022\/12\/IMG_4208-1140x855.jpeg 1140w\" sizes=\"auto, (max-width: 1024px) 100vw, 1024px\" \/><\/figure>\n\n\n\n<p>Poterie artisanale, aux&nbsp;Ateliers du Couvent&nbsp;vous pourrez d\u00e9couvrir la c\u00e9ramique et les trois cr\u00e9ateurs qui enchantent le lieu.<\/p>\n\n\n\n<p>L&rsquo;adorable village de Giroussens et ses terrasses anim\u00e9es l&rsquo;\u00e9t\u00e9 vous donneront un sentiment de vacances.<\/p>\n\n\n\n<p>La vue incroyable sur la rivi\u00e8re et les ponts qui l&rsquo;enjambent&#8230;<\/p>\n\n\n\n<figure class=\"wp-block-image size-large\"><img loading=\"lazy\" decoding=\"async\" width=\"1024\" height=\"683\" src=\"https:\/\/chambresducouvent.fr\/wp-content\/uploads\/2022\/12\/seb-5-1024x683.jpg\" alt=\"\" class=\"wp-image-30\" srcset=\"https:\/\/chambresducouvent.fr\/wp-content\/uploads\/2022\/12\/seb-5-1024x683.jpg 1024w, https:\/\/chambresducouvent.fr\/wp-content\/uploads\/2022\/12\/seb-5-300x200.jpg 300w, https:\/\/chambresducouvent.fr\/wp-content\/uploads\/2022\/12\/seb-5-768x512.jpg 768w, https:\/\/chambresducouvent.fr\/wp-content\/uploads\/2022\/12\/seb-5-1536x1024.jpg 1536w, https:\/\/chambresducouvent.fr\/wp-content\/uploads\/2022\/12\/seb-5-2048x1365.jpg 2048w, https:\/\/chambresducouvent.fr\/wp-content\/uploads\/2022\/12\/seb-5-1140x760.jpg 1140w\" sizes=\"auto, (max-width: 1024px) 100vw, 1024px\" \/><\/figure>\n\n\n\n<blockquote class=\"wp-block-quote is-layout-flow wp-block-quote-is-layout-flow\">\n<p>CONTACT<\/p>\n\n\n\n<p>S\u00e9bastien Barr\u00e8re, B&amp;B du couvent<br>2 rue Maubec, 81500 Giroussens, France<br>0670833845 (mobile)<br>contact@chambresducouvent.fr<\/p>\n<\/blockquote>\n","protected":false},"excerpt":{"rendered":"<p>L\u2019ancien petit Couvent de Giroussens Dans un petit couvent du XIX\u00e8me si\u00e8cle o\u00f9 j\u2019ai install\u00e9 mon activit\u00e9 de poterie, je vous invite \u00e0 une jolie parenth\u00e8se dans mon charmant village du Tarn, id\u00e9alement situ\u00e9 entre Toulouse et Albi, r\u00e9gion riche de nombreux sites patrimoniaux, culturels, naturels et historiques. Vous pourrez si vous le souhaitez d\u00e9couvrir mon travail ou tout simplement vous promener en toute qui\u00e9tude dans le village. A quelques pas du Couvent, vous contemplerez depuis le belv\u00e9d\u00e8re une vue \u00e0 couper le souffle et pourrez vous restaurer sur place dans un bon petit restaurant. Dans le village ne manquez pas la visite du Centre (r\u00e9put\u00e9) de la C\u00e9ramique ainsi que celle, incontournable, des Jardins des Martels qui se trouvent \u00e0 proximit\u00e9. Poterie artisanale, aux&nbsp;Ateliers du Couvent&nbsp;vous pourrez d\u00e9couvrir la c\u00e9ramique et les trois cr\u00e9ateurs qui enchantent le lieu. L&rsquo;adorable village de Giroussens et ses terrasses anim\u00e9es l&rsquo;\u00e9t\u00e9 vous donneront un sentiment de vacances. La vue incroyable sur la rivi\u00e8re et les ponts qui l&rsquo;enjambent&#8230; CONTACT S\u00e9bastien Barr\u00e8re, B&amp;B du couvent2 rue Maubec, 81500 Giroussens, France0670833845 (mobile)contact@chambresducouvent.fr<\/p>\n","protected":false},"author":1,"featured_media":0,"parent":0,"menu_order":0,"comment_status":"closed","ping_status":"closed","template":"","meta":{"footnotes":""},"class_list":["post-85","page","type-page","status-publish","hentry"],"_links":{"self":[{"href":"https:\/\/chambresducouvent.fr\/index.php\/wp-json\/wp\/v2\/pages\/85","targetHints":{"allow":["GET"]}}],"collection":[{"href":"https:\/\/chambresducouvent.fr\/index.php\/wp-json\/wp\/v2\/pages"}],"about":[{"href":"https:\/\/chambresducouvent.fr\/index.php\/wp-json\/wp\/v2\/types\/page"}],"author":[{"embeddable":true,"href":"https:\/\/chambresducouvent.fr\/index.php\/wp-json\/wp\/v2\/users\/1"}],"replies":[{"embeddable":true,"href":"https:\/\/chambresducouvent.fr\/index.php\/wp-json\/wp\/v2\/comments?post=85"}],"version-history":[{"count":1,"href":"https:\/\/chambresducouvent.fr\/index.php\/wp-json\/wp\/v2\/pages\/85\/revisions"}],"predecessor-version":[{"id":86,"href":"https:\/\/chambresducouvent.fr\/index.php\/wp-json\/wp\/v2\/pages\/85\/revisions\/86"}],"wp:attachment":[{"href":"https:\/\/chambresducouvent.fr\/index.php\/wp-json\/wp\/v2\/media?parent=85"}],"curies":[{"name":"wp","href":"https:\/\/api.w.org\/{rel}","templated":true}]}}